{"id":17804,"date":"2024-10-14T13:06:17","date_gmt":"2024-10-14T13:06:17","guid":{"rendered":"https:\/\/probilife.be\/?page_id=17804"},"modified":"2024-10-14T13:07:01","modified_gmt":"2024-10-14T13:07:01","slug":"sectoren","status":"publish","type":"page","link":"https:\/\/probilife.be\/index.php\/sectoren\/","title":{"rendered":"Sectoren"},"content":{"rendered":"\t\t<div data-elementor-type=\"wp-page\" data-elementor-id=\"17804\" class=\"elementor elementor-17804\" data-elementor-post-type=\"page\">\n\t\t\t\t<div class=\"elementor-element elementor-element-2660fea e-flex e-con-boxed e-con e-parent\" data-id=\"2660fea\" data-element_type=\"container\" data-e-type=\"container\">\n\t\t\t\t\t<div class=\"e-con-inner\">\n\t\t\t\t<div class=\"elementor-element elementor-element-da9060e elementor-widget elementor-widget-text-editor\" data-id=\"da9060e\" data-element_type=\"widget\" data-e-type=\"widget\" data-widget_type=\"text-editor.default\">\n\t\t\t\t<div class=\"elementor-widget-container\">\n\t\t\t\t\t\t\t\t\t<p>PROBILIFE BV legt de focus op innovatieve en duurzame producten, en specialiseert zich in sectoren van poets- tot landbouwbedrijven en van industrie tot retail . In het bijzonder ligt onze focus op het reinigen van oppervlakken en water- en luchtbehandelingen op basis van probiotica of synbiotica.<\/p><p>Ook geniet u, als particulier mee van deze innovatieve en gezondheidsbevorderlijke hoog technologische producten.<\/p><p>Waarom synbiotica gebruiken als reinigingsmiddel?<\/p><p>We zijn ons steeds vaker bewust van het feit dat heel veel hygi\u00ebneproblemen te wijten zijn aan een verkeerde microbiologie, waarbij bacteri\u00ebn, virussen of schimmels ons hardnekkig parten spelen. Tevens kennen we ook zeer goed het probleem van de resistentie onder deze micro-organismen, ten gevolge het overdadig en misplaatst gebruik van antibiotica en biociden (ontsmettingsmiddelen).<\/p><p>Bij Probilife ligt de focus op verschillende domeinen:<\/p><p>Reiniging<\/p><p>Een verkeerde microbiologie op oppervlakken zorgt voor een verhoogde vervuiling (zoals zwarte voegen), geurhinder en een verhoogd aantal ziektekiemen.<\/p><p>Water<\/p><p>Water is de bron van alle leven en bevat altijd veel microbiologie. Ook hier zorgen de foute micro-organismen voor grote problemen zoals bio-film, geur en ziektekiemen.<\/p><p>Lucht<\/p><p>Hoewel lucht zelf niet veel micro-organismen bevat, zorgen de moderne airco- en ventilatiesystemen voor grote problemen met allergenen, schimmels, fijn stof en andere vervuilingen.<\/p><p>Probilife is zich reeds vele jaren bewust van de problematiek van resistentie. Deze oplossing maakt gebruik van de natuur en is gebaseerd op goede bacteri\u00ebn (probiotica), aangevuld met goede suikers (prebiotica). De combinatie van probiotica en pre-biotica in \u00e9\u00e9n product noemt met synbiotica. De synbiotische reinigers vormen tijdens en na de reiniging een gezonde microflora voor een optimale duurzame hygi\u00ebne.<\/p><p>Zoals eerder vermeld is het hygi\u00ebneconcept niet meer de radicale bestrijding van alle micro-organismen, maar het in stand houden van een evenwichtig en gezond microbioom.<\/p><p>De synbiotische producten van Probilife zorgen voor een optimale hygi\u00ebne door (1) het zuiver houden van een oppervlak via een reinigende werking en (2) het ondersteunen van goede micro-organismen<\/p><p>1 Reiniging ligt al een eeuw aan de basis van hygi\u00ebne. \u2018Reinigen is het afbreken van vuil, waardoor het vuil van het substraat wordt afgescheiden en in opgeloste of collo\u00efdale toestand wordt gebracht en gemakkelijker mechanisch en\/of fysisch te verwijderen is\u2019.<\/p><p>Hoe zuiverder een oppervlak gehouden kan worden, hoe kleiner de kans dat zich micro-organismen kunnen ontwikkelen, aangezien deze zich enkel kunnen voeden met vervuiling. Elk soort reiniging en elk type product zal dus aanleiding geven tot een lager risico op microbi\u00eble vervuiling door verlaging van de vervuiling.<\/p><p>2 Het afdoden van ongewenste micro-organismen is niet langer de oplossing. Dit zorgt voor resistentie en onstabiliteit in de microflora. De synbiotische technologie in onze producten zorgt voor een stabiel, gezond microbioom via het stimuleren van goede micro-organismen. De hoge aantal probiotica in de producten verhoogt onmiddellijk het aantal goede bacteri\u00ebn op het oppervlak (de probiotica zijn immers zelf goede micro-organismen). In het geval van de synbiotische reinigers zijn ook prebiotische suikers aanwezig, die via een vertraagde werking de reeds aanwezige goede micro-organismen stimuleren. Pre-biotica zijn immers suikers die enkel kunnen verteerd worden door goede micro-organismen. Op die manier geven de synbiotische reinigers van Probilife eten aan de reeds aanwezig goede micro-organismen. Dit bevordert de diversiteit van de microflora in positieve richting.<\/p><p>Voordelen van synbiotische reiniging<\/p><p>Effici\u00ebntie<\/p><p>De dubbele werking van de oppervlakte actieve stoffen en de probiotische enzymproductie zorgen voor een maximale reinigingseffici\u00ebntie. Elk oppervlak wordt tot in de diepste pori\u00ebn microscopisch gezuiverd en zolang de pro-\/synbiotische producten worden gebruikt zal elk oppervlak ook zuiver blijven. Organische vervuiling die aanleiding geeft tot verkleuring of geurvorming wordt helemaal verwijderd. Hardnekkige, diepgaande vervuiling kan enkele weken vergen; maar eens weg, altijd weg.<\/p><p>Duurzaam<\/p><p>De pro-\/synbiotische producten van Probilfe zijn bij onze fabrikant reeds bekroond met het EU Ecolabel voor reinigingsmiddelen en zijn eveneens Cradle2Cradle Gold compatibel. Dit betekent dat niet enkel de producten, maar ook het volledige productieproces maximaal veilig en duurzaam is.<\/p><p>Geen resistentie<\/p><p>Er werd reeds de nadruk op gelegd dat het klassieke afdoden van micro-organismen zeer nadelige gevolgen heeft voor het microbioom, met resistente schadelijke kiemen als gevolg. De synbiotische technologie in de producten van Probilife hebben dan ook geen enkel afdodende werking tegen andere micro-organismen, waardoor resistentie onmogelijk is.<\/p><p>Veiligheid<\/p><p>Veiligheid is een steeds groter wordend probleem bij reinigingsmiddelen en ook hier scoort de synbiotische technologie het best. De minimaal gebruikte chemie is van de meest moderne en duurzame natuur. De probiotica en prebiotica zijn 100% natuurlijke ingredi\u00ebnten. En bovenop de veiligheid van de producten zelf zorgen ze eveneens voor een lager infectierisico zoals aangetoond in meerdere wetenschappelijke studies.<\/p>\t\t\t\t\t\t\t\t<\/div>\n\t\t\t\t<\/div>\n\t\t\t\t\t<\/div>\n\t\t\t\t<\/div>\n\t\t\t\t<\/div>\n\t\t","protected":false},"excerpt":{"rendered":"<p>PROBILIFE BV legt de focus op innovatieve en duurzame producten, en specialiseert zich in sectoren van poets- tot landbouwbedrijven en van industrie tot retail . In het bijzonder ligt onze focus op het reinigen van oppervlakken en water- en luchtbehandelingen op basis van probiotica of synbiotica. Ook geniet u, als particulier mee van deze innovatieve &hellip; <br \/><a href=\"https:\/\/probilife.be\/index.php\/sectoren\/\" class=\"more-link\">Continue reading <span class=\"screen-reader-text\">Sectoren<\/span><\/a><\/p>\n","protected":false},"author":2,"featured_media":0,"parent":0,"menu_order":0,"comment_status":"closed","ping_status":"closed","template":"","meta":{"footnotes":""},"class_list":["post-17804","page","type-page","status-publish","hentry"],"yoast_head":"<!-- This site is optimized with the Yoast SEO plugin v27.4 - https:\/\/yoast.com\/product\/yoast-seo-wordpress\/ -->\n<title>Sectoren - Probilife<\/title>\n<meta name=\"robots\" content=\"index, follow, max-snippet:-1, max-image-preview:large, max-video-preview:-1\" \/>\n<link rel=\"canonical\" href=\"https:\/\/probilife.be\/index.php\/sectoren\/\" \/>\n<meta property=\"og:locale\" content=\"nl_NL\" \/>\n<meta property=\"og:type\" content=\"article\" \/>\n<meta property=\"og:title\" content=\"Sectoren - Probilife\" \/>\n<meta property=\"og:description\" content=\"PROBILIFE BV legt de focus op innovatieve en duurzame producten, en specialiseert zich in sectoren van poets- tot landbouwbedrijven en van industrie tot retail . In het bijzonder ligt onze focus op het reinigen van oppervlakken en water- en luchtbehandelingen op basis van probiotica of synbiotica. Ook geniet u, als particulier mee van deze innovatieve &hellip; Continue reading Sectoren\" \/>\n<meta property=\"og:url\" content=\"https:\/\/probilife.be\/index.php\/sectoren\/\" \/>\n<meta property=\"og:site_name\" content=\"Probilife\" \/>\n<meta property=\"article:modified_time\" content=\"2024-10-14T13:07:01+00:00\" \/>\n<meta name=\"twitter:card\" content=\"summary_large_image\" \/>\n<meta name=\"twitter:label1\" content=\"Geschatte leestijd\" \/>\n\t<meta name=\"twitter:data1\" content=\"4 minuten\" \/>\n<script type=\"application\/ld+json\" class=\"yoast-schema-graph\">{\"@context\":\"https:\\\/\\\/schema.org\",\"@graph\":[{\"@type\":\"WebPage\",\"@id\":\"https:\\\/\\\/probilife.be\\\/index.php\\\/sectoren\\\/\",\"url\":\"https:\\\/\\\/probilife.be\\\/index.php\\\/sectoren\\\/\",\"name\":\"Sectoren - Probilife\",\"isPartOf\":{\"@id\":\"https:\\\/\\\/probilife.be\\\/#website\"},\"datePublished\":\"2024-10-14T13:06:17+00:00\",\"dateModified\":\"2024-10-14T13:07:01+00:00\",\"breadcrumb\":{\"@id\":\"https:\\\/\\\/probilife.be\\\/index.php\\\/sectoren\\\/#breadcrumb\"},\"inLanguage\":\"nl-NL\",\"potentialAction\":[{\"@type\":\"ReadAction\",\"target\":[\"https:\\\/\\\/probilife.be\\\/index.php\\\/sectoren\\\/\"]}]},{\"@type\":\"BreadcrumbList\",\"@id\":\"https:\\\/\\\/probilife.be\\\/index.php\\\/sectoren\\\/#breadcrumb\",\"itemListElement\":[{\"@type\":\"ListItem\",\"position\":1,\"name\":\"Home\",\"item\":\"https:\\\/\\\/probilife.be\\\/\"},{\"@type\":\"ListItem\",\"position\":2,\"name\":\"Sectoren\"}]},{\"@type\":\"WebSite\",\"@id\":\"https:\\\/\\\/probilife.be\\\/#website\",\"url\":\"https:\\\/\\\/probilife.be\\\/\",\"name\":\"Probilife\",\"description\":\"met de kracht uit de natuur \u2014 Synbiotische reinigingsproducten. voor een gezonde omgeving.\",\"publisher\":{\"@id\":\"https:\\\/\\\/probilife.be\\\/#\\\/schema\\\/person\\\/17e2061316a26c3d1ce0ce47ed7b7cbb\"},\"potentialAction\":[{\"@type\":\"SearchAction\",\"target\":{\"@type\":\"EntryPoint\",\"urlTemplate\":\"https:\\\/\\\/probilife.be\\\/?s={search_term_string}\"},\"query-input\":{\"@type\":\"PropertyValueSpecification\",\"valueRequired\":true,\"valueName\":\"search_term_string\"}}],\"inLanguage\":\"nl-NL\"},{\"@type\":[\"Person\",\"Organization\"],\"@id\":\"https:\\\/\\\/probilife.be\\\/#\\\/schema\\\/person\\\/17e2061316a26c3d1ce0ce47ed7b7cbb\",\"name\":\"Jurgen\",\"image\":{\"@type\":\"ImageObject\",\"inLanguage\":\"nl-NL\",\"@id\":\"https:\\\/\\\/secure.gravatar.com\\\/avatar\\\/144a5931131da7f5efbe7b7f3de2f7e994587161add332c8ca0914df943c9f02?s=96&d=mm&r=g\",\"url\":\"https:\\\/\\\/secure.gravatar.com\\\/avatar\\\/144a5931131da7f5efbe7b7f3de2f7e994587161add332c8ca0914df943c9f02?s=96&d=mm&r=g\",\"contentUrl\":\"https:\\\/\\\/secure.gravatar.com\\\/avatar\\\/144a5931131da7f5efbe7b7f3de2f7e994587161add332c8ca0914df943c9f02?s=96&d=mm&r=g\",\"caption\":\"Jurgen\"},\"logo\":{\"@id\":\"https:\\\/\\\/secure.gravatar.com\\\/avatar\\\/144a5931131da7f5efbe7b7f3de2f7e994587161add332c8ca0914df943c9f02?s=96&d=mm&r=g\"}}]}<\/script>\n<!-- \/ Yoast SEO plugin. -->","yoast_head_json":{"title":"Sectoren - Probilife","robots":{"index":"index","follow":"follow","max-snippet":"max-snippet:-1","max-image-preview":"max-image-preview:large","max-video-preview":"max-video-preview:-1"},"canonical":"https:\/\/probilife.be\/index.php\/sectoren\/","og_locale":"nl_NL","og_type":"article","og_title":"Sectoren - Probilife","og_description":"PROBILIFE BV legt de focus op innovatieve en duurzame producten, en specialiseert zich in sectoren van poets- tot landbouwbedrijven en van industrie tot retail . In het bijzonder ligt onze focus op het reinigen van oppervlakken en water- en luchtbehandelingen op basis van probiotica of synbiotica. Ook geniet u, als particulier mee van deze innovatieve &hellip; Continue reading Sectoren","og_url":"https:\/\/probilife.be\/index.php\/sectoren\/","og_site_name":"Probilife","article_modified_time":"2024-10-14T13:07:01+00:00","twitter_card":"summary_large_image","twitter_misc":{"Geschatte leestijd":"4 minuten"},"schema":{"@context":"https:\/\/schema.org","@graph":[{"@type":"WebPage","@id":"https:\/\/probilife.be\/index.php\/sectoren\/","url":"https:\/\/probilife.be\/index.php\/sectoren\/","name":"Sectoren - Probilife","isPartOf":{"@id":"https:\/\/probilife.be\/#website"},"datePublished":"2024-10-14T13:06:17+00:00","dateModified":"2024-10-14T13:07:01+00:00","breadcrumb":{"@id":"https:\/\/probilife.be\/index.php\/sectoren\/#breadcrumb"},"inLanguage":"nl-NL","potentialAction":[{"@type":"ReadAction","target":["https:\/\/probilife.be\/index.php\/sectoren\/"]}]},{"@type":"BreadcrumbList","@id":"https:\/\/probilife.be\/index.php\/sectoren\/#breadcrumb","itemListElement":[{"@type":"ListItem","position":1,"name":"Home","item":"https:\/\/probilife.be\/"},{"@type":"ListItem","position":2,"name":"Sectoren"}]},{"@type":"WebSite","@id":"https:\/\/probilife.be\/#website","url":"https:\/\/probilife.be\/","name":"Probilife","description":"met de kracht uit de natuur \u2014 Synbiotische reinigingsproducten. voor een gezonde omgeving.","publisher":{"@id":"https:\/\/probilife.be\/#\/schema\/person\/17e2061316a26c3d1ce0ce47ed7b7cbb"},"potentialAction":[{"@type":"SearchAction","target":{"@type":"EntryPoint","urlTemplate":"https:\/\/probilife.be\/?s={search_term_string}"},"query-input":{"@type":"PropertyValueSpecification","valueRequired":true,"valueName":"search_term_string"}}],"inLanguage":"nl-NL"},{"@type":["Person","Organization"],"@id":"https:\/\/probilife.be\/#\/schema\/person\/17e2061316a26c3d1ce0ce47ed7b7cbb","name":"Jurgen","image":{"@type":"ImageObject","inLanguage":"nl-NL","@id":"https:\/\/secure.gravatar.com\/avatar\/144a5931131da7f5efbe7b7f3de2f7e994587161add332c8ca0914df943c9f02?s=96&d=mm&r=g","url":"https:\/\/secure.gravatar.com\/avatar\/144a5931131da7f5efbe7b7f3de2f7e994587161add332c8ca0914df943c9f02?s=96&d=mm&r=g","contentUrl":"https:\/\/secure.gravatar.com\/avatar\/144a5931131da7f5efbe7b7f3de2f7e994587161add332c8ca0914df943c9f02?s=96&d=mm&r=g","caption":"Jurgen"},"logo":{"@id":"https:\/\/secure.gravatar.com\/avatar\/144a5931131da7f5efbe7b7f3de2f7e994587161add332c8ca0914df943c9f02?s=96&d=mm&r=g"}}]}},"jetpack_sharing_enabled":true,"_links":{"self":[{"href":"https:\/\/probilife.be\/index.php\/wp-json\/wp\/v2\/pages\/17804","targetHints":{"allow":["GET"]}}],"collection":[{"href":"https:\/\/probilife.be\/index.php\/wp-json\/wp\/v2\/pages"}],"about":[{"href":"https:\/\/probilife.be\/index.php\/wp-json\/wp\/v2\/types\/page"}],"author":[{"embeddable":true,"href":"https:\/\/probilife.be\/index.php\/wp-json\/wp\/v2\/users\/2"}],"replies":[{"embeddable":true,"href":"https:\/\/probilife.be\/index.php\/wp-json\/wp\/v2\/comments?post=17804"}],"version-history":[{"count":4,"href":"https:\/\/probilife.be\/index.php\/wp-json\/wp\/v2\/pages\/17804\/revisions"}],"predecessor-version":[{"id":17808,"href":"https:\/\/probilife.be\/index.php\/wp-json\/wp\/v2\/pages\/17804\/revisions\/17808"}],"wp:attachment":[{"href":"https:\/\/probilife.be\/index.php\/wp-json\/wp\/v2\/media?parent=17804"}],"curies":[{"name":"wp","href":"https:\/\/api.w.org\/{rel}","templated":true}]}}