{"id":15185,"date":"2024-02-08T12:52:51","date_gmt":"2024-02-08T12:52:51","guid":{"rendered":"https:\/\/probilife.be\/index.php\/product\/handdoek-zz-wit-recycled-2lgs-micro-embossed-25x23cm-2\/"},"modified":"2024-10-17T11:01:25","modified_gmt":"2024-10-17T11:01:25","slug":"handdoek-zz-wit-recycled-2lgs-micro-embossed-25x23cm-2","status":"publish","type":"product","link":"https:\/\/probilife.be\/index.php\/product\/handdoek-zz-wit-recycled-2lgs-micro-embossed-25x23cm-2\/","title":{"rendered":"HANDDOEK ZZ WIT RECYCLED 2LGS MICRO EMBOSSED 25X23CM"},"content":{"rendered":"<p>We weten inmiddels dat handen drogen minstens zo belangrijk is als het wassen van de handen. Vocht is immers een perfecte voedingsbodem voor bacteri\u00ebn en virussen. Droogt u uw handen goed, dan verwijdert u eventuele bacteri\u00ebn en virussen die zijn achtergebleven \u00e9n haalt u de voedingsbodem weg.<\/p>\n<p>De papieren handdoek is daarbij de meest hygi\u00ebnische oplossing, omdat u deze na gebruik weggooit.<\/p>\n<p>hebben een enkele vouw in het midden. Ze zijn hierdoor in lengte korter dan bijvoorbeeld een W- of Z-vouw handdoek. De bovenste laag papier van het handdoekje haakt in de onderste laag papier van het handdoekje erboven. De handdoekjes komen daardoor volledig uitgevouwen en \u00e9\u00e9n voor \u00e9\u00e9n uit de dispenser. U pakt daardoor nooit onnodig veel handdoekjes. Een ander voordeel is dat na het pakken van een handdoekje de volgende al voor een deel uit de dispenser komt. Er hangt dus altijd een nieuw handdoekje klaar voor de volgende gebruiker.<\/p>\n<p>Afmeting: een V-vouw handdoekje heeft een rugbreedte van ca. 11,5cm.<\/p>\n","protected":false},"excerpt":{"rendered":"<p>doos met 20 pakken van 160 handdoekjes in totaal 3200 stuks<\/p>\n<p>Handdoek ZZ-Vouw Recycled Micro Gewafeld Wit 2 Laags 25&#215;30 cm<\/p>\n<p>Witte gerecycleerde papieren doekjes met gewafeld motief<\/p>\n<p>ZZ-vouw zorgt ervoor dat er een doekje uit de dispenser hangt na elke afname van een doekje<\/p>\n<p>Handdoekjes gevouwen in Z, ZZ en C passen in dezelfde dispenser<\/p>\n<p>\u25cf Hoog absorptievermogen.<\/p>\n<p>\u25cf Hoge absorptiesnelheid.<\/p>\n<p>\u25cf 2 Lagen.<\/p>\n","protected":false},"featured_media":15174,"template":"","meta":[],"product_brand":[],"product_cat":[115,110,298],"product_tag":[],"class_list":{"0":"post-15185","1":"product","2":"type-product","3":"status-publish","4":"has-post-thumbnail","6":"product_cat-handdoeken-en-dispensers","7":"product_cat-handdoekjes","8":"product_cat-home","10":"first","11":"instock","12":"taxable","13":"shipping-taxable","14":"purchasable","15":"product-type-simple"},"yoast_head":"<!-- This site is optimized with the Yoast SEO plugin v27.4 - https:\/\/yoast.com\/product\/yoast-seo-wordpress\/ -->\n<title>HANDDOEK ZZ WIT RECYCLED 2LGS MICRO EMBOSSED 25X23CM - Probilife<\/title>\n<meta name=\"description\" content=\"We weten inmiddels dat handen drogen minstens zo belangrijk is als het wassen van de handen. Vocht is immers een perfecte voedingsbodem voor bacteri\u00ebn en virussen. Droogt u uw handen goed, dan verwijdert u eventuele bacteri\u00ebn en virussen die zijn achtergebleven \u00e9n haalt u de voedingsbodem weg.\" \/>\n<meta name=\"robots\" content=\"index, follow, max-snippet:-1, max-image-preview:large, max-video-preview:-1\" \/>\n<link rel=\"canonical\" href=\"https:\/\/probilife.be\/index.php\/product\/handdoek-zz-wit-recycled-2lgs-micro-embossed-25x23cm-2\/\" \/>\n<meta property=\"og:locale\" content=\"nl_NL\" \/>\n<meta property=\"og:type\" content=\"article\" \/>\n<meta property=\"og:title\" content=\"HANDDOEK ZZ WIT RECYCLED 2LGS MICRO EMBOSSED 25X23CM - Probilife\" \/>\n<meta property=\"og:description\" content=\"We weten inmiddels dat handen drogen minstens zo belangrijk is als het wassen van de handen. Vocht is immers een perfecte voedingsbodem voor bacteri\u00ebn en virussen. Droogt u uw handen goed, dan verwijdert u eventuele bacteri\u00ebn en virussen die zijn achtergebleven \u00e9n haalt u de voedingsbodem weg.\" \/>\n<meta property=\"og:url\" content=\"https:\/\/probilife.be\/index.php\/product\/handdoek-zz-wit-recycled-2lgs-micro-embossed-25x23cm-2\/\" \/>\n<meta property=\"og:site_name\" content=\"Probilife\" \/>\n<meta property=\"article:modified_time\" content=\"2024-10-17T11:01:25+00:00\" \/>\n<meta property=\"og:image\" content=\"https:\/\/probilife.be\/wp-content\/uploads\/2024\/02\/325-HANDDOEK-ZZ-WIT-RECYCLED-2LGS-MICRO-EMBOSSED-25X23CM.jpg\" \/>\n\t<meta property=\"og:image:width\" content=\"380\" \/>\n\t<meta property=\"og:image:height\" content=\"380\" \/>\n\t<meta property=\"og:image:type\" content=\"image\/jpeg\" \/>\n<meta name=\"twitter:card\" content=\"summary_large_image\" \/>\n<meta name=\"twitter:label1\" content=\"Geschatte leestijd\" \/>\n\t<meta name=\"twitter:data1\" content=\"2 minuten\" \/>\n<script type=\"application\/ld+json\" class=\"yoast-schema-graph\">{\"@context\":\"https:\\\/\\\/schema.org\",\"@graph\":[{\"@type\":\"WebPage\",\"@id\":\"https:\\\/\\\/probilife.be\\\/index.php\\\/product\\\/handdoek-zz-wit-recycled-2lgs-micro-embossed-25x23cm-2\\\/\",\"url\":\"https:\\\/\\\/probilife.be\\\/index.php\\\/product\\\/handdoek-zz-wit-recycled-2lgs-micro-embossed-25x23cm-2\\\/\",\"name\":\"HANDDOEK ZZ WIT RECYCLED 2LGS MICRO EMBOSSED 25X23CM - Probilife\",\"isPartOf\":{\"@id\":\"https:\\\/\\\/probilife.be\\\/#website\"},\"primaryImageOfPage\":{\"@id\":\"https:\\\/\\\/probilife.be\\\/index.php\\\/product\\\/handdoek-zz-wit-recycled-2lgs-micro-embossed-25x23cm-2\\\/#primaryimage\"},\"image\":{\"@id\":\"https:\\\/\\\/probilife.be\\\/index.php\\\/product\\\/handdoek-zz-wit-recycled-2lgs-micro-embossed-25x23cm-2\\\/#primaryimage\"},\"thumbnailUrl\":\"https:\\\/\\\/probilife.be\\\/wp-content\\\/uploads\\\/2024\\\/02\\\/325-HANDDOEK-ZZ-WIT-RECYCLED-2LGS-MICRO-EMBOSSED-25X23CM.jpg\",\"datePublished\":\"2024-02-08T12:52:51+00:00\",\"dateModified\":\"2024-10-17T11:01:25+00:00\",\"description\":\"We weten inmiddels dat handen drogen minstens zo belangrijk is als het wassen van de handen. Vocht is immers een perfecte voedingsbodem voor bacteri\u00ebn en virussen. Droogt u uw handen goed, dan verwijdert u eventuele bacteri\u00ebn en virussen die zijn achtergebleven \u00e9n haalt u de voedingsbodem weg.\",\"breadcrumb\":{\"@id\":\"https:\\\/\\\/probilife.be\\\/index.php\\\/product\\\/handdoek-zz-wit-recycled-2lgs-micro-embossed-25x23cm-2\\\/#breadcrumb\"},\"inLanguage\":\"nl-NL\",\"potentialAction\":[{\"@type\":\"ReadAction\",\"target\":[\"https:\\\/\\\/probilife.be\\\/index.php\\\/product\\\/handdoek-zz-wit-recycled-2lgs-micro-embossed-25x23cm-2\\\/\"]}]},{\"@type\":\"ImageObject\",\"inLanguage\":\"nl-NL\",\"@id\":\"https:\\\/\\\/probilife.be\\\/index.php\\\/product\\\/handdoek-zz-wit-recycled-2lgs-micro-embossed-25x23cm-2\\\/#primaryimage\",\"url\":\"https:\\\/\\\/probilife.be\\\/wp-content\\\/uploads\\\/2024\\\/02\\\/325-HANDDOEK-ZZ-WIT-RECYCLED-2LGS-MICRO-EMBOSSED-25X23CM.jpg\",\"contentUrl\":\"https:\\\/\\\/probilife.be\\\/wp-content\\\/uploads\\\/2024\\\/02\\\/325-HANDDOEK-ZZ-WIT-RECYCLED-2LGS-MICRO-EMBOSSED-25X23CM.jpg\",\"width\":380,\"height\":380,\"caption\":\"HANDDOEK ZZ WIT RECYCLED 2LGS MICRO EMBOSSED 25X23CM\"},{\"@type\":\"BreadcrumbList\",\"@id\":\"https:\\\/\\\/probilife.be\\\/index.php\\\/product\\\/handdoek-zz-wit-recycled-2lgs-micro-embossed-25x23cm-2\\\/#breadcrumb\",\"itemListElement\":[{\"@type\":\"ListItem\",\"position\":1,\"name\":\"Home\",\"item\":\"https:\\\/\\\/probilife.be\\\/\"},{\"@type\":\"ListItem\",\"position\":2,\"name\":\"Shop\",\"item\":\"https:\\\/\\\/probilife.be\\\/index.php\\\/shop-2\\\/\"},{\"@type\":\"ListItem\",\"position\":3,\"name\":\"HANDDOEK ZZ WIT RECYCLED 2LGS MICRO EMBOSSED 25X23CM\"}]},{\"@type\":\"WebSite\",\"@id\":\"https:\\\/\\\/probilife.be\\\/#website\",\"url\":\"https:\\\/\\\/probilife.be\\\/\",\"name\":\"Probilife\",\"description\":\"met de kracht uit de natuur \u2014 Synbiotische reinigingsproducten. voor een gezonde omgeving.\",\"publisher\":{\"@id\":\"https:\\\/\\\/probilife.be\\\/#\\\/schema\\\/person\\\/17e2061316a26c3d1ce0ce47ed7b7cbb\"},\"potentialAction\":[{\"@type\":\"SearchAction\",\"target\":{\"@type\":\"EntryPoint\",\"urlTemplate\":\"https:\\\/\\\/probilife.be\\\/?s={search_term_string}\"},\"query-input\":{\"@type\":\"PropertyValueSpecification\",\"valueRequired\":true,\"valueName\":\"search_term_string\"}}],\"inLanguage\":\"nl-NL\"},{\"@type\":[\"Person\",\"Organization\"],\"@id\":\"https:\\\/\\\/probilife.be\\\/#\\\/schema\\\/person\\\/17e2061316a26c3d1ce0ce47ed7b7cbb\",\"name\":\"Jurgen\",\"image\":{\"@type\":\"ImageObject\",\"inLanguage\":\"nl-NL\",\"@id\":\"https:\\\/\\\/secure.gravatar.com\\\/avatar\\\/144a5931131da7f5efbe7b7f3de2f7e994587161add332c8ca0914df943c9f02?s=96&d=mm&r=g\",\"url\":\"https:\\\/\\\/secure.gravatar.com\\\/avatar\\\/144a5931131da7f5efbe7b7f3de2f7e994587161add332c8ca0914df943c9f02?s=96&d=mm&r=g\",\"contentUrl\":\"https:\\\/\\\/secure.gravatar.com\\\/avatar\\\/144a5931131da7f5efbe7b7f3de2f7e994587161add332c8ca0914df943c9f02?s=96&d=mm&r=g\",\"caption\":\"Jurgen\"},\"logo\":{\"@id\":\"https:\\\/\\\/secure.gravatar.com\\\/avatar\\\/144a5931131da7f5efbe7b7f3de2f7e994587161add332c8ca0914df943c9f02?s=96&d=mm&r=g\"}}]}<\/script>\n<!-- \/ Yoast SEO plugin. -->","yoast_head_json":{"title":"HANDDOEK ZZ WIT RECYCLED 2LGS MICRO EMBOSSED 25X23CM - Probilife","description":"We weten inmiddels dat handen drogen minstens zo belangrijk is als het wassen van de handen. Vocht is immers een perfecte voedingsbodem voor bacteri\u00ebn en virussen. Droogt u uw handen goed, dan verwijdert u eventuele bacteri\u00ebn en virussen die zijn achtergebleven \u00e9n haalt u de voedingsbodem weg.","robots":{"index":"index","follow":"follow","max-snippet":"max-snippet:-1","max-image-preview":"max-image-preview:large","max-video-preview":"max-video-preview:-1"},"canonical":"https:\/\/probilife.be\/index.php\/product\/handdoek-zz-wit-recycled-2lgs-micro-embossed-25x23cm-2\/","og_locale":"nl_NL","og_type":"article","og_title":"HANDDOEK ZZ WIT RECYCLED 2LGS MICRO EMBOSSED 25X23CM - Probilife","og_description":"We weten inmiddels dat handen drogen minstens zo belangrijk is als het wassen van de handen. Vocht is immers een perfecte voedingsbodem voor bacteri\u00ebn en virussen. Droogt u uw handen goed, dan verwijdert u eventuele bacteri\u00ebn en virussen die zijn achtergebleven \u00e9n haalt u de voedingsbodem weg.","og_url":"https:\/\/probilife.be\/index.php\/product\/handdoek-zz-wit-recycled-2lgs-micro-embossed-25x23cm-2\/","og_site_name":"Probilife","article_modified_time":"2024-10-17T11:01:25+00:00","og_image":[{"width":380,"height":380,"url":"https:\/\/probilife.be\/wp-content\/uploads\/2024\/02\/325-HANDDOEK-ZZ-WIT-RECYCLED-2LGS-MICRO-EMBOSSED-25X23CM.jpg","type":"image\/jpeg"}],"twitter_card":"summary_large_image","twitter_misc":{"Geschatte leestijd":"2 minuten"},"schema":{"@context":"https:\/\/schema.org","@graph":[{"@type":"WebPage","@id":"https:\/\/probilife.be\/index.php\/product\/handdoek-zz-wit-recycled-2lgs-micro-embossed-25x23cm-2\/","url":"https:\/\/probilife.be\/index.php\/product\/handdoek-zz-wit-recycled-2lgs-micro-embossed-25x23cm-2\/","name":"HANDDOEK ZZ WIT RECYCLED 2LGS MICRO EMBOSSED 25X23CM - Probilife","isPartOf":{"@id":"https:\/\/probilife.be\/#website"},"primaryImageOfPage":{"@id":"https:\/\/probilife.be\/index.php\/product\/handdoek-zz-wit-recycled-2lgs-micro-embossed-25x23cm-2\/#primaryimage"},"image":{"@id":"https:\/\/probilife.be\/index.php\/product\/handdoek-zz-wit-recycled-2lgs-micro-embossed-25x23cm-2\/#primaryimage"},"thumbnailUrl":"https:\/\/probilife.be\/wp-content\/uploads\/2024\/02\/325-HANDDOEK-ZZ-WIT-RECYCLED-2LGS-MICRO-EMBOSSED-25X23CM.jpg","datePublished":"2024-02-08T12:52:51+00:00","dateModified":"2024-10-17T11:01:25+00:00","description":"We weten inmiddels dat handen drogen minstens zo belangrijk is als het wassen van de handen. Vocht is immers een perfecte voedingsbodem voor bacteri\u00ebn en virussen. Droogt u uw handen goed, dan verwijdert u eventuele bacteri\u00ebn en virussen die zijn achtergebleven \u00e9n haalt u de voedingsbodem weg.","breadcrumb":{"@id":"https:\/\/probilife.be\/index.php\/product\/handdoek-zz-wit-recycled-2lgs-micro-embossed-25x23cm-2\/#breadcrumb"},"inLanguage":"nl-NL","potentialAction":[{"@type":"ReadAction","target":["https:\/\/probilife.be\/index.php\/product\/handdoek-zz-wit-recycled-2lgs-micro-embossed-25x23cm-2\/"]}]},{"@type":"ImageObject","inLanguage":"nl-NL","@id":"https:\/\/probilife.be\/index.php\/product\/handdoek-zz-wit-recycled-2lgs-micro-embossed-25x23cm-2\/#primaryimage","url":"https:\/\/probilife.be\/wp-content\/uploads\/2024\/02\/325-HANDDOEK-ZZ-WIT-RECYCLED-2LGS-MICRO-EMBOSSED-25X23CM.jpg","contentUrl":"https:\/\/probilife.be\/wp-content\/uploads\/2024\/02\/325-HANDDOEK-ZZ-WIT-RECYCLED-2LGS-MICRO-EMBOSSED-25X23CM.jpg","width":380,"height":380,"caption":"HANDDOEK ZZ WIT RECYCLED 2LGS MICRO EMBOSSED 25X23CM"},{"@type":"BreadcrumbList","@id":"https:\/\/probilife.be\/index.php\/product\/handdoek-zz-wit-recycled-2lgs-micro-embossed-25x23cm-2\/#breadcrumb","itemListElement":[{"@type":"ListItem","position":1,"name":"Home","item":"https:\/\/probilife.be\/"},{"@type":"ListItem","position":2,"name":"Shop","item":"https:\/\/probilife.be\/index.php\/shop-2\/"},{"@type":"ListItem","position":3,"name":"HANDDOEK ZZ WIT RECYCLED 2LGS MICRO EMBOSSED 25X23CM"}]},{"@type":"WebSite","@id":"https:\/\/probilife.be\/#website","url":"https:\/\/probilife.be\/","name":"Probilife","description":"met de kracht uit de natuur \u2014 Synbiotische reinigingsproducten. voor een gezonde omgeving.","publisher":{"@id":"https:\/\/probilife.be\/#\/schema\/person\/17e2061316a26c3d1ce0ce47ed7b7cbb"},"potentialAction":[{"@type":"SearchAction","target":{"@type":"EntryPoint","urlTemplate":"https:\/\/probilife.be\/?s={search_term_string}"},"query-input":{"@type":"PropertyValueSpecification","valueRequired":true,"valueName":"search_term_string"}}],"inLanguage":"nl-NL"},{"@type":["Person","Organization"],"@id":"https:\/\/probilife.be\/#\/schema\/person\/17e2061316a26c3d1ce0ce47ed7b7cbb","name":"Jurgen","image":{"@type":"ImageObject","inLanguage":"nl-NL","@id":"https:\/\/secure.gravatar.com\/avatar\/144a5931131da7f5efbe7b7f3de2f7e994587161add332c8ca0914df943c9f02?s=96&d=mm&r=g","url":"https:\/\/secure.gravatar.com\/avatar\/144a5931131da7f5efbe7b7f3de2f7e994587161add332c8ca0914df943c9f02?s=96&d=mm&r=g","contentUrl":"https:\/\/secure.gravatar.com\/avatar\/144a5931131da7f5efbe7b7f3de2f7e994587161add332c8ca0914df943c9f02?s=96&d=mm&r=g","caption":"Jurgen"},"logo":{"@id":"https:\/\/secure.gravatar.com\/avatar\/144a5931131da7f5efbe7b7f3de2f7e994587161add332c8ca0914df943c9f02?s=96&d=mm&r=g"}}]}},"jetpack_sharing_enabled":true,"_links":{"self":[{"href":"https:\/\/probilife.be\/index.php\/wp-json\/wp\/v2\/product\/15185","targetHints":{"allow":["GET"]}}],"collection":[{"href":"https:\/\/probilife.be\/index.php\/wp-json\/wp\/v2\/product"}],"about":[{"href":"https:\/\/probilife.be\/index.php\/wp-json\/wp\/v2\/types\/product"}],"version-history":[{"count":1,"href":"https:\/\/probilife.be\/index.php\/wp-json\/wp\/v2\/product\/15185\/revisions"}],"predecessor-version":[{"id":17712,"href":"https:\/\/probilife.be\/index.php\/wp-json\/wp\/v2\/product\/15185\/revisions\/17712"}],"wp:featuredmedia":[{"embeddable":true,"href":"https:\/\/probilife.be\/index.php\/wp-json\/wp\/v2\/media\/15174"}],"wp:attachment":[{"href":"https:\/\/probilife.be\/index.php\/wp-json\/wp\/v2\/media?parent=15185"}],"wp:term":[{"taxonomy":"product_brand","embeddable":true,"href":"https:\/\/probilife.be\/index.php\/wp-json\/wp\/v2\/product_brand?post=15185"},{"taxonomy":"product_cat","embeddable":true,"href":"https:\/\/probilife.be\/index.php\/wp-json\/wp\/v2\/product_cat?post=15185"},{"taxonomy":"product_tag","embeddable":true,"href":"https:\/\/probilife.be\/index.php\/wp-json\/wp\/v2\/product_tag?post=15185"}],"curies":[{"name":"wp","href":"https:\/\/api.w.org\/{rel}","templated":true}]}}