{"id":15700,"date":"2024-08-29T13:33:32","date_gmt":"2024-08-29T13:33:32","guid":{"rendered":"https:\/\/probilife.be\/index.php\/product\/excellent-prominent-25-kg-2\/"},"modified":"2024-10-19T06:39:52","modified_gmt":"2024-10-19T06:39:52","slug":"excellent-prominent-25-kg-2","status":"publish","type":"product","link":"https:\/\/probilife.be\/index.php\/product\/excellent-prominent-25-kg-2\/","title":{"rendered":"Excellent Prominent 2,5 kg"},"content":{"rendered":"","protected":false},"excerpt":{"rendered":"<p>Het 6-in-1 product dat extra ondersteuning geeft aan de algehele gezondheid en spijsvertering van uw paard.<\/p>\n<p>Daarnaast bevordert het de conditie van de hoeven en zorgt Prominent ook voor een mooie glanzende vacht. Prominent bevat een uitgebalanceerde mix van mineralen en vitamines aangevuld met knoflook, fenegriek en biotine. Door uw paard maandelijks 7 opeenvolgende dagen Prominent te geven, verhoogt u de algemene weerstand en kan uw paard er weer even tegen!<\/p>\n<p>Aanvullend diervoeder voor paarden.<\/p>\n<p>Eigenschappen<\/p>\n<p>\u2022 Geeft uw paard een gezonde boost<\/p>\n<p>\u2022 Ondersteunt de algehele gezondheid<\/p>\n<p>\u2022 Bevat biotine voor een glanzende vacht en ondersteuning van gezonde hoeven<\/p>\n<p>\u2022 Verlichting\/verzachting van de luchtwegen<\/p>\n<p>Ideaal voor<\/p>\n<p>\u2022 Ondersteuning voor algehele gezondheid<\/p>\n<p>\u2022 Herstel tijdens of na ziekte<\/p>\n<p>\u2022 Ondersteuning van de structuur van de hoefhoorn<\/p>\n<p>\u2022 Gezonde huid en prachtige glanzende vacht<\/p>\n<p>\u2022 Ondersteuning van stofwisseling en spijsvertering<\/p>\n<p>\u2022 Als de R in de maand zit<\/p>\n<p>\u2022 Paarden die op (te) schrale weiden lopen<\/p>\n<p>D\u00e9 beste combinatie van 6 waardevolle ingredi\u00ebnten in \u00e9\u00e9n product.<\/p>\n<p>Voederadvies<\/p>\n<p>50 g per dier per dag gedurende 7 opeenvolgende dagen per maand<\/p>\n","protected":false},"featured_media":15698,"template":"","meta":[],"product_brand":[],"product_cat":[298,494],"product_tag":[],"class_list":{"0":"post-15700","1":"product","2":"type-product","3":"status-publish","4":"has-post-thumbnail","6":"product_cat-home","7":"product_cat-supplementen","9":"first","10":"instock","11":"taxable","12":"shipping-taxable","13":"purchasable","14":"product-type-simple"},"yoast_head":"<!-- This site is optimized with the Yoast SEO plugin v27.4 - https:\/\/yoast.com\/product\/yoast-seo-wordpress\/ -->\n<title>Excellent Prominent 2,5 kg - Probilife<\/title>\n<meta name=\"description\" content=\"Door uw paard maandelijks 7 opeenvolgende dagen Prominent te geven, verhoogt u de algemene weerstand en kan uw paard er weer even tegen!\" \/>\n<meta name=\"robots\" content=\"index, follow, max-snippet:-1, max-image-preview:large, max-video-preview:-1\" \/>\n<link rel=\"canonical\" href=\"https:\/\/probilife.be\/index.php\/product\/excellent-prominent-25-kg-2\/\" \/>\n<meta property=\"og:locale\" content=\"nl_NL\" \/>\n<meta property=\"og:type\" content=\"article\" \/>\n<meta property=\"og:title\" content=\"Excellent Prominent 2,5 kg - Probilife\" \/>\n<meta property=\"og:description\" content=\"Door uw paard maandelijks 7 opeenvolgende dagen Prominent te geven, verhoogt u de algemene weerstand en kan uw paard er weer even tegen!\" \/>\n<meta property=\"og:url\" content=\"https:\/\/probilife.be\/index.php\/product\/excellent-prominent-25-kg-2\/\" \/>\n<meta property=\"og:site_name\" content=\"Probilife\" \/>\n<meta property=\"article:modified_time\" content=\"2024-10-19T06:39:52+00:00\" \/>\n<meta property=\"og:image\" content=\"https:\/\/probilife.be\/wp-content\/uploads\/2024\/08\/526-Excellent-Prominent-25-kg.jpg\" \/>\n\t<meta property=\"og:image:width\" content=\"1024\" \/>\n\t<meta property=\"og:image:height\" content=\"1024\" \/>\n\t<meta property=\"og:image:type\" content=\"image\/jpeg\" \/>\n<meta name=\"twitter:card\" content=\"summary_large_image\" \/>\n<meta name=\"twitter:label1\" content=\"Geschatte leestijd\" \/>\n\t<meta name=\"twitter:data1\" content=\"1 minuut\" \/>\n<script type=\"application\/ld+json\" class=\"yoast-schema-graph\">{\"@context\":\"https:\\\/\\\/schema.org\",\"@graph\":[{\"@type\":\"WebPage\",\"@id\":\"https:\\\/\\\/probilife.be\\\/index.php\\\/product\\\/excellent-prominent-25-kg-2\\\/\",\"url\":\"https:\\\/\\\/probilife.be\\\/index.php\\\/product\\\/excellent-prominent-25-kg-2\\\/\",\"name\":\"Excellent Prominent 2,5 kg - Probilife\",\"isPartOf\":{\"@id\":\"https:\\\/\\\/probilife.be\\\/#website\"},\"primaryImageOfPage\":{\"@id\":\"https:\\\/\\\/probilife.be\\\/index.php\\\/product\\\/excellent-prominent-25-kg-2\\\/#primaryimage\"},\"image\":{\"@id\":\"https:\\\/\\\/probilife.be\\\/index.php\\\/product\\\/excellent-prominent-25-kg-2\\\/#primaryimage\"},\"thumbnailUrl\":\"https:\\\/\\\/probilife.be\\\/wp-content\\\/uploads\\\/2024\\\/08\\\/526-Excellent-Prominent-25-kg.jpg\",\"datePublished\":\"2024-08-29T13:33:32+00:00\",\"dateModified\":\"2024-10-19T06:39:52+00:00\",\"description\":\"Door uw paard maandelijks 7 opeenvolgende dagen Prominent te geven, verhoogt u de algemene weerstand en kan uw paard er weer even tegen!\",\"breadcrumb\":{\"@id\":\"https:\\\/\\\/probilife.be\\\/index.php\\\/product\\\/excellent-prominent-25-kg-2\\\/#breadcrumb\"},\"inLanguage\":\"nl-NL\",\"potentialAction\":[{\"@type\":\"ReadAction\",\"target\":[\"https:\\\/\\\/probilife.be\\\/index.php\\\/product\\\/excellent-prominent-25-kg-2\\\/\"]}]},{\"@type\":\"ImageObject\",\"inLanguage\":\"nl-NL\",\"@id\":\"https:\\\/\\\/probilife.be\\\/index.php\\\/product\\\/excellent-prominent-25-kg-2\\\/#primaryimage\",\"url\":\"https:\\\/\\\/probilife.be\\\/wp-content\\\/uploads\\\/2024\\\/08\\\/526-Excellent-Prominent-25-kg.jpg\",\"contentUrl\":\"https:\\\/\\\/probilife.be\\\/wp-content\\\/uploads\\\/2024\\\/08\\\/526-Excellent-Prominent-25-kg.jpg\",\"width\":1024,\"height\":1024,\"caption\":\"Excellent Prominent 2,5 kg\"},{\"@type\":\"BreadcrumbList\",\"@id\":\"https:\\\/\\\/probilife.be\\\/index.php\\\/product\\\/excellent-prominent-25-kg-2\\\/#breadcrumb\",\"itemListElement\":[{\"@type\":\"ListItem\",\"position\":1,\"name\":\"Home\",\"item\":\"https:\\\/\\\/probilife.be\\\/\"},{\"@type\":\"ListItem\",\"position\":2,\"name\":\"Shop\",\"item\":\"https:\\\/\\\/probilife.be\\\/index.php\\\/shop-2\\\/\"},{\"@type\":\"ListItem\",\"position\":3,\"name\":\"Excellent Prominent 2,5 kg\"}]},{\"@type\":\"WebSite\",\"@id\":\"https:\\\/\\\/probilife.be\\\/#website\",\"url\":\"https:\\\/\\\/probilife.be\\\/\",\"name\":\"Probilife\",\"description\":\"met de kracht uit de natuur \u2014 Synbiotische reinigingsproducten. voor een gezonde omgeving.\",\"publisher\":{\"@id\":\"https:\\\/\\\/probilife.be\\\/#\\\/schema\\\/person\\\/17e2061316a26c3d1ce0ce47ed7b7cbb\"},\"potentialAction\":[{\"@type\":\"SearchAction\",\"target\":{\"@type\":\"EntryPoint\",\"urlTemplate\":\"https:\\\/\\\/probilife.be\\\/?s={search_term_string}\"},\"query-input\":{\"@type\":\"PropertyValueSpecification\",\"valueRequired\":true,\"valueName\":\"search_term_string\"}}],\"inLanguage\":\"nl-NL\"},{\"@type\":[\"Person\",\"Organization\"],\"@id\":\"https:\\\/\\\/probilife.be\\\/#\\\/schema\\\/person\\\/17e2061316a26c3d1ce0ce47ed7b7cbb\",\"name\":\"Jurgen\",\"image\":{\"@type\":\"ImageObject\",\"inLanguage\":\"nl-NL\",\"@id\":\"https:\\\/\\\/secure.gravatar.com\\\/avatar\\\/144a5931131da7f5efbe7b7f3de2f7e994587161add332c8ca0914df943c9f02?s=96&d=mm&r=g\",\"url\":\"https:\\\/\\\/secure.gravatar.com\\\/avatar\\\/144a5931131da7f5efbe7b7f3de2f7e994587161add332c8ca0914df943c9f02?s=96&d=mm&r=g\",\"contentUrl\":\"https:\\\/\\\/secure.gravatar.com\\\/avatar\\\/144a5931131da7f5efbe7b7f3de2f7e994587161add332c8ca0914df943c9f02?s=96&d=mm&r=g\",\"caption\":\"Jurgen\"},\"logo\":{\"@id\":\"https:\\\/\\\/secure.gravatar.com\\\/avatar\\\/144a5931131da7f5efbe7b7f3de2f7e994587161add332c8ca0914df943c9f02?s=96&d=mm&r=g\"}}]}<\/script>\n<!-- \/ Yoast SEO plugin. -->","yoast_head_json":{"title":"Excellent Prominent 2,5 kg - Probilife","description":"Door uw paard maandelijks 7 opeenvolgende dagen Prominent te geven, verhoogt u de algemene weerstand en kan uw paard er weer even tegen!","robots":{"index":"index","follow":"follow","max-snippet":"max-snippet:-1","max-image-preview":"max-image-preview:large","max-video-preview":"max-video-preview:-1"},"canonical":"https:\/\/probilife.be\/index.php\/product\/excellent-prominent-25-kg-2\/","og_locale":"nl_NL","og_type":"article","og_title":"Excellent Prominent 2,5 kg - Probilife","og_description":"Door uw paard maandelijks 7 opeenvolgende dagen Prominent te geven, verhoogt u de algemene weerstand en kan uw paard er weer even tegen!","og_url":"https:\/\/probilife.be\/index.php\/product\/excellent-prominent-25-kg-2\/","og_site_name":"Probilife","article_modified_time":"2024-10-19T06:39:52+00:00","og_image":[{"width":1024,"height":1024,"url":"https:\/\/probilife.be\/wp-content\/uploads\/2024\/08\/526-Excellent-Prominent-25-kg.jpg","type":"image\/jpeg"}],"twitter_card":"summary_large_image","twitter_misc":{"Geschatte leestijd":"1 minuut"},"schema":{"@context":"https:\/\/schema.org","@graph":[{"@type":"WebPage","@id":"https:\/\/probilife.be\/index.php\/product\/excellent-prominent-25-kg-2\/","url":"https:\/\/probilife.be\/index.php\/product\/excellent-prominent-25-kg-2\/","name":"Excellent Prominent 2,5 kg - Probilife","isPartOf":{"@id":"https:\/\/probilife.be\/#website"},"primaryImageOfPage":{"@id":"https:\/\/probilife.be\/index.php\/product\/excellent-prominent-25-kg-2\/#primaryimage"},"image":{"@id":"https:\/\/probilife.be\/index.php\/product\/excellent-prominent-25-kg-2\/#primaryimage"},"thumbnailUrl":"https:\/\/probilife.be\/wp-content\/uploads\/2024\/08\/526-Excellent-Prominent-25-kg.jpg","datePublished":"2024-08-29T13:33:32+00:00","dateModified":"2024-10-19T06:39:52+00:00","description":"Door uw paard maandelijks 7 opeenvolgende dagen Prominent te geven, verhoogt u de algemene weerstand en kan uw paard er weer even tegen!","breadcrumb":{"@id":"https:\/\/probilife.be\/index.php\/product\/excellent-prominent-25-kg-2\/#breadcrumb"},"inLanguage":"nl-NL","potentialAction":[{"@type":"ReadAction","target":["https:\/\/probilife.be\/index.php\/product\/excellent-prominent-25-kg-2\/"]}]},{"@type":"ImageObject","inLanguage":"nl-NL","@id":"https:\/\/probilife.be\/index.php\/product\/excellent-prominent-25-kg-2\/#primaryimage","url":"https:\/\/probilife.be\/wp-content\/uploads\/2024\/08\/526-Excellent-Prominent-25-kg.jpg","contentUrl":"https:\/\/probilife.be\/wp-content\/uploads\/2024\/08\/526-Excellent-Prominent-25-kg.jpg","width":1024,"height":1024,"caption":"Excellent Prominent 2,5 kg"},{"@type":"BreadcrumbList","@id":"https:\/\/probilife.be\/index.php\/product\/excellent-prominent-25-kg-2\/#breadcrumb","itemListElement":[{"@type":"ListItem","position":1,"name":"Home","item":"https:\/\/probilife.be\/"},{"@type":"ListItem","position":2,"name":"Shop","item":"https:\/\/probilife.be\/index.php\/shop-2\/"},{"@type":"ListItem","position":3,"name":"Excellent Prominent 2,5 kg"}]},{"@type":"WebSite","@id":"https:\/\/probilife.be\/#website","url":"https:\/\/probilife.be\/","name":"Probilife","description":"met de kracht uit de natuur \u2014 Synbiotische reinigingsproducten. voor een gezonde omgeving.","publisher":{"@id":"https:\/\/probilife.be\/#\/schema\/person\/17e2061316a26c3d1ce0ce47ed7b7cbb"},"potentialAction":[{"@type":"SearchAction","target":{"@type":"EntryPoint","urlTemplate":"https:\/\/probilife.be\/?s={search_term_string}"},"query-input":{"@type":"PropertyValueSpecification","valueRequired":true,"valueName":"search_term_string"}}],"inLanguage":"nl-NL"},{"@type":["Person","Organization"],"@id":"https:\/\/probilife.be\/#\/schema\/person\/17e2061316a26c3d1ce0ce47ed7b7cbb","name":"Jurgen","image":{"@type":"ImageObject","inLanguage":"nl-NL","@id":"https:\/\/secure.gravatar.com\/avatar\/144a5931131da7f5efbe7b7f3de2f7e994587161add332c8ca0914df943c9f02?s=96&d=mm&r=g","url":"https:\/\/secure.gravatar.com\/avatar\/144a5931131da7f5efbe7b7f3de2f7e994587161add332c8ca0914df943c9f02?s=96&d=mm&r=g","contentUrl":"https:\/\/secure.gravatar.com\/avatar\/144a5931131da7f5efbe7b7f3de2f7e994587161add332c8ca0914df943c9f02?s=96&d=mm&r=g","caption":"Jurgen"},"logo":{"@id":"https:\/\/secure.gravatar.com\/avatar\/144a5931131da7f5efbe7b7f3de2f7e994587161add332c8ca0914df943c9f02?s=96&d=mm&r=g"}}]}},"jetpack_sharing_enabled":true,"_links":{"self":[{"href":"https:\/\/probilife.be\/index.php\/wp-json\/wp\/v2\/product\/15700","targetHints":{"allow":["GET"]}}],"collection":[{"href":"https:\/\/probilife.be\/index.php\/wp-json\/wp\/v2\/product"}],"about":[{"href":"https:\/\/probilife.be\/index.php\/wp-json\/wp\/v2\/types\/product"}],"version-history":[{"count":2,"href":"https:\/\/probilife.be\/index.php\/wp-json\/wp\/v2\/product\/15700\/revisions"}],"predecessor-version":[{"id":17618,"href":"https:\/\/probilife.be\/index.php\/wp-json\/wp\/v2\/product\/15700\/revisions\/17618"}],"wp:featuredmedia":[{"embeddable":true,"href":"https:\/\/probilife.be\/index.php\/wp-json\/wp\/v2\/media\/15698"}],"wp:attachment":[{"href":"https:\/\/probilife.be\/index.php\/wp-json\/wp\/v2\/media?parent=15700"}],"wp:term":[{"taxonomy":"product_brand","embeddable":true,"href":"https:\/\/probilife.be\/index.php\/wp-json\/wp\/v2\/product_brand?post=15700"},{"taxonomy":"product_cat","embeddable":true,"href":"https:\/\/probilife.be\/index.php\/wp-json\/wp\/v2\/product_cat?post=15700"},{"taxonomy":"product_tag","embeddable":true,"href":"https:\/\/probilife.be\/index.php\/wp-json\/wp\/v2\/product_tag?post=15700"}],"curies":[{"name":"wp","href":"https:\/\/api.w.org\/{rel}","templated":true}]}}